{"id":1722,"date":"2025-08-08T13:55:50","date_gmt":"2025-08-08T13:55:50","guid":{"rendered":"http:\/\/joaoclara.com\/?post_type=product&#038;p=1722"},"modified":"2025-09-30T18:48:08","modified_gmt":"2025-09-30T18:48:08","slug":"joao-clara-espumante","status":"publish","type":"product","link":"https:\/\/joaoclara.com\/pt\/produto\/joao-clara-espumante\/","title":{"rendered":"Jo\u00e3o Clara Espumante"},"content":{"rendered":"<div class=\"wpb-content-wrapper\"><div class=\"vc_row wpb_row vc_row-fluid vc_custom_1460727920666 vc_row-has-fill vc_row-o-content-middle vc_row-flex\"><div class=\"wpb_column vc_column_container vc_col-sm-12 vc_col-lg-6 vc_col-md-6\"><div class=\"vc_column-inner vc_custom_1460636569719\"><div class=\"wpb_wrapper\">\n\t<div class=\"title-subtitle-box\" style=\" text-align: left;\">\n\t\t<p style=\"\">Jo\u00e3o Clara Espumante<\/p>\n\t\t<h1 style=\" font-weight: normal;\" >Notas de Prova<\/h1>\n\t<\/div> \n\t<div class=\"wpb_text_column wpb_content_element vc_custom_1758664409555\" >\n\t\t<div class=\"wpb_wrapper\">\n\t\t\t<p>\u00c9 um Blanc Noirs, extra bruto, de bolha fina e persistente, com nariz frutado e citrico, boa cremosidade e persist\u00eancia.<\/p>\n\n\t\t<\/div>\n\t<\/div>\n<\/div><\/div><\/div><div class=\"wpb_column vc_column_container vc_col-sm-12 vc_col-lg-6 vc_col-md-6 vc_hidden-sm vc_hidden-xs\"><div class=\"vc_column-inner vc_custom_1460635864072\"><div class=\"wpb_wrapper\">\n\t<div  class=\"wpb_single_image wpb_content_element vc_align_left wpb_content_element vc_custom_1590418872236\">\n\t\t\n\t\t<figure class=\"wpb_wrapper vc_figure\">\n\t\t\t<div class=\"vc_single_image-wrapper   vc_box_border_grey\"><img loading=\"lazy\" decoding=\"async\" width=\"1170\" height=\"1400\" src=\"https:\/\/joaoclara.com\/wp-content\/uploads\/2020\/05\/Tasting-notes.jpg\" class=\"vc_single_image-img attachment-full\" alt=\"\" title=\"Tasting-notes\" srcset=\"https:\/\/joaoclara.com\/wp-content\/uploads\/2020\/05\/Tasting-notes.jpg 1170w, https:\/\/joaoclara.com\/wp-content\/uploads\/2020\/05\/Tasting-notes-251x300.jpg 251w, https:\/\/joaoclara.com\/wp-content\/uploads\/2020\/05\/Tasting-notes-856x1024.jpg 856w, https:\/\/joaoclara.com\/wp-content\/uploads\/2020\/05\/Tasting-notes-768x919.jpg 768w\" sizes=\"auto, (max-width: 1170px) 100vw, 1170px\" \/><\/div>\n\t\t<\/figure>\n\t<\/div>\n<\/div><\/div><\/div><\/div><div class=\"vc_row wpb_row vc_row-fluid vc_custom_1460727927848 vc_row-has-fill vc_row-o-content-middle vc_row-flex\"><div class=\"wpb_column vc_column_container vc_col-sm-12 vc_col-lg-6 vc_col-md-6 vc_hidden-sm vc_hidden-xs\"><div class=\"vc_column-inner vc_custom_1460635871252\"><div class=\"wpb_wrapper\">\n\t<div  class=\"wpb_single_image wpb_content_element vc_align_left wpb_content_element vc_custom_1590419069501\">\n\t\t\n\t\t<figure class=\"wpb_wrapper vc_figure\">\n\t\t\t<div class=\"vc_single_image-wrapper   vc_box_border_grey\"><img loading=\"lazy\" decoding=\"async\" width=\"1170\" height=\"1400\" src=\"https:\/\/joaoclara.com\/wp-content\/uploads\/2016\/03\/Food_Salad.jpg\" class=\"vc_single_image-img attachment-full\" alt=\"\" title=\"Food_Salad\" srcset=\"https:\/\/joaoclara.com\/wp-content\/uploads\/2016\/03\/Food_Salad.jpg 1170w, https:\/\/joaoclara.com\/wp-content\/uploads\/2016\/03\/Food_Salad-251x300.jpg 251w, https:\/\/joaoclara.com\/wp-content\/uploads\/2016\/03\/Food_Salad-856x1024.jpg 856w, https:\/\/joaoclara.com\/wp-content\/uploads\/2016\/03\/Food_Salad-768x919.jpg 768w\" sizes=\"auto, (max-width: 1170px) 100vw, 1170px\" \/><\/div>\n\t\t<\/figure>\n\t<\/div>\n<\/div><\/div><\/div><div class=\"wpb_column vc_column_container vc_col-sm-12 vc_col-lg-6 vc_col-md-6\"><div class=\"vc_column-inner vc_custom_1460636579755\"><div class=\"wpb_wrapper\">\n\t<div class=\"title-subtitle-box\" style=\" text-align: left;\">\n\t\t<p style=\"\">Jo\u00e3o Clara Espumante<\/p>\n\t\t<h1 style=\" font-weight: normal;\" >Gastronomia<\/h1>\n\t<\/div> \n\t<div class=\"wpb_text_column wpb_content_element\" >\n\t\t<div class=\"wpb_wrapper\">\n\t\t\t<p>Espumante para acompanhar pratos de marisco ou para ser consumido sozinho.<\/p>\n\n\t\t<\/div>\n\t<\/div>\n<\/div><\/div><\/div><\/div><div class=\"vc_row wpb_row vc_row-fluid vc_custom_1460727935440 vc_row-has-fill vc_row-o-content-middle vc_row-flex\"><div class=\"wpb_column vc_column_container vc_col-sm-12 vc_col-lg-6 vc_col-md-6\"><div class=\"vc_column-inner vc_custom_1460636587092\"><div class=\"wpb_wrapper\">\n\t<div class=\"title-subtitle-box\" style=\" text-align: left;\">\n\t\t<p style=\"\">Jo\u00e3o Clara Espumante<\/p>\n\t\t<h1 style=\" font-weight: normal;\" >Enologia &amp; Produtor<\/h1>\n\t<\/div> \n\t<div class=\"wpb_text_column wpb_content_element\" >\n\t\t<div class=\"wpb_wrapper\">\n\t\t\t<p>Blanc de Noirs, 100% Negra Mole<\/p>\n\n\t\t<\/div>\n\t<\/div>\n<\/div><\/div><\/div><div class=\"wpb_column vc_column_container vc_col-sm-12 vc_col-lg-6 vc_col-md-6 vc_hidden-sm vc_hidden-xs\"><div class=\"vc_column-inner vc_custom_1460635878309\"><div class=\"wpb_wrapper\">\n\t<div  class=\"wpb_single_image wpb_content_element vc_align_left wpb_content_element vc_custom_1590418884404\">\n\t\t\n\t\t<figure class=\"wpb_wrapper vc_figure\">\n\t\t\t<div class=\"vc_single_image-wrapper   vc_box_border_grey\"><img loading=\"lazy\" decoding=\"async\" width=\"1170\" height=\"1400\" src=\"https:\/\/joaoclara.com\/wp-content\/uploads\/2020\/05\/Winemaker-notes.jpg\" class=\"vc_single_image-img attachment-full\" alt=\"\" title=\"Winemaker-notes\" srcset=\"https:\/\/joaoclara.com\/wp-content\/uploads\/2020\/05\/Winemaker-notes.jpg 1170w, https:\/\/joaoclara.com\/wp-content\/uploads\/2020\/05\/Winemaker-notes-251x300.jpg 251w, https:\/\/joaoclara.com\/wp-content\/uploads\/2020\/05\/Winemaker-notes-856x1024.jpg 856w, https:\/\/joaoclara.com\/wp-content\/uploads\/2020\/05\/Winemaker-notes-768x919.jpg 768w\" sizes=\"auto, (max-width: 1170px) 100vw, 1170px\" \/><\/div>\n\t\t<\/figure>\n\t<\/div>\n<\/div><\/div><\/div><\/div>\n<\/div>","protected":false},"excerpt":{"rendered":"<p>Espumante Blanc Noir que estagiou 3 anos em garrafa, produzido pelo m\u00e9todo tradicional champanh\u00eas, \u00e9 uma fus\u00e3o entre a Terra e o Mar, a Tradi\u00e7\u00e3o e o Presente.<\/p>","protected":false},"featured_media":1725,"comment_status":"open","ping_status":"closed","template":"","meta":{"_acf_changed":false,"_monsterinsights_skip_tracking":false,"_monsterinsights_sitenote_active":false,"_monsterinsights_sitenote_note":"","_monsterinsights_sitenote_category":0},"product_brand":[],"product_cat":[37,63,61,26],"product_tag":[39,40],"class_list":{"0":"post-1722","1":"product","2":"type-product","3":"status-publish","4":"has-post-thumbnail","6":"product_cat-espumante","7":"product_cat-sparkling","8":"product_cat-special-editions","9":"product_cat-white-wines","10":"product_tag-white","11":"product_tag-wines","13":"first","14":"outofstock","15":"taxable","16":"shipping-taxable","17":"purchasable","18":"product-type-simple"},"acf":[],"yoast_head":"<!-- This site is optimized with the Yoast SEO plugin v26.2 - https:\/\/yoast.com\/wordpress\/plugins\/seo\/ -->\n<title>Jo\u00e3o Clara Espumante - Jo\u00e3o Clara<\/title>\n<meta name=\"description\" content=\"Espumante Blanc Noir que estagiou 3 anos em garrafa, produzido pelo m\u00e9todo tradicional champanh\u00eas, \u00e9 uma fus\u00e3o entre a Terra e o Mar, a Tradi\u00e7\u00e3o e o Presente. 100% Negra Mole\" \/>\n<meta name=\"robots\" content=\"index, follow, max-snippet:-1, max-image-preview:large, max-video-preview:-1\" \/>\n<link rel=\"canonical\" href=\"http:\/\/joaoclara.com\/pt\/produto\/joao-clara-espumante\/\" \/>\n<meta property=\"og:locale\" content=\"pt_PT\" \/>\n<meta property=\"og:type\" content=\"article\" \/>\n<meta property=\"og:title\" content=\"Jo\u00e3o Clara Espumante - Jo\u00e3o Clara\" \/>\n<meta property=\"og:description\" content=\"Espumante Blanc Noir que estagiou 3 anos em garrafa, produzido pelo m\u00e9todo tradicional champanh\u00eas, \u00e9 uma fus\u00e3o entre a Terra e o Mar, a Tradi\u00e7\u00e3o e o Presente. 100% Negra Mole\" \/>\n<meta property=\"og:url\" content=\"http:\/\/joaoclara.com\/pt\/produto\/joao-clara-espumante\/\" \/>\n<meta property=\"og:site_name\" content=\"Jo\u00e3o Clara\" \/>\n<meta property=\"article:publisher\" content=\"https:\/\/www.facebook.com\/joaoclaravinhos\/?ref=search&amp;amp%3bamp%3bamp%3bamp%3bamp%3bamp%3bamp%3bamp%3b__tn__=%2cd%2cP-R&amp;amp%3bamp%3bamp%3bamp%3bamp%3bamp%3bamp%3bamp%3beid=ARDQHy8YSatS_tKCrirKUjWXZYdBHiSj3Zp5laalZlAKPxrriz0PW3xN1BIP3MeqeGjCQ2oIB001M3p9\" \/>\n<meta property=\"article:modified_time\" content=\"2025-09-30T18:48:08+00:00\" \/>\n<meta property=\"og:image\" content=\"http:\/\/joaoclara.com\/wp-content\/uploads\/2025\/08\/JC_Champagne-scaled.png\" \/>\n\t<meta property=\"og:image:width\" content=\"1386\" \/>\n\t<meta property=\"og:image:height\" content=\"2560\" \/>\n\t<meta property=\"og:image:type\" content=\"image\/png\" \/>\n<meta name=\"twitter:card\" content=\"summary_large_image\" \/>\n<meta name=\"twitter:label1\" content=\"Tempo estimado de leitura\" \/>\n\t<meta name=\"twitter:data1\" content=\"2 minutos\" \/>\n<script type=\"application\/ld+json\" class=\"yoast-schema-graph\">{\"@context\":\"https:\/\/schema.org\",\"@graph\":[{\"@type\":\"WebPage\",\"@id\":\"http:\/\/joaoclara.com\/product\/joao-clara-espumante\/\",\"url\":\"http:\/\/joaoclara.com\/product\/joao-clara-espumante\/\",\"name\":\"Jo\u00e3o Clara Espumante - Jo\u00e3o Clara\",\"isPartOf\":{\"@id\":\"https:\/\/joaoclara.com\/pt\/#website\"},\"primaryImageOfPage\":{\"@id\":\"http:\/\/joaoclara.com\/product\/joao-clara-espumante\/#primaryimage\"},\"image\":{\"@id\":\"http:\/\/joaoclara.com\/product\/joao-clara-espumante\/#primaryimage\"},\"thumbnailUrl\":\"https:\/\/joaoclara.com\/wp-content\/uploads\/2025\/08\/JC_Champagne-scaled.png\",\"datePublished\":\"2025-08-08T13:55:50+00:00\",\"dateModified\":\"2025-09-30T18:48:08+00:00\",\"description\":\"Espumante Blanc Noir que estagiou 3 anos em garrafa, produzido pelo m\u00e9todo tradicional champanh\u00eas, \u00e9 uma fus\u00e3o entre a Terra e o Mar, a Tradi\u00e7\u00e3o e o Presente. 100% Negra Mole\",\"breadcrumb\":{\"@id\":\"http:\/\/joaoclara.com\/product\/joao-clara-espumante\/#breadcrumb\"},\"inLanguage\":\"pt-PT\",\"potentialAction\":[{\"@type\":\"ReadAction\",\"target\":[\"http:\/\/joaoclara.com\/product\/joao-clara-espumante\/\"]}]},{\"@type\":\"ImageObject\",\"inLanguage\":\"pt-PT\",\"@id\":\"http:\/\/joaoclara.com\/product\/joao-clara-espumante\/#primaryimage\",\"url\":\"https:\/\/joaoclara.com\/wp-content\/uploads\/2025\/08\/JC_Champagne-scaled.png\",\"contentUrl\":\"https:\/\/joaoclara.com\/wp-content\/uploads\/2025\/08\/JC_Champagne-scaled.png\",\"width\":1386,\"height\":2560},{\"@type\":\"BreadcrumbList\",\"@id\":\"http:\/\/joaoclara.com\/product\/joao-clara-espumante\/#breadcrumb\",\"itemListElement\":[{\"@type\":\"ListItem\",\"position\":1,\"name\":\"Home\",\"item\":\"https:\/\/joaoclara.com\/pt\/\"},{\"@type\":\"ListItem\",\"position\":2,\"name\":\"Wines\",\"item\":\"https:\/\/joaoclara.com\/pt\/wines\/\"},{\"@type\":\"ListItem\",\"position\":3,\"name\":\"Jo\u00e3o Clara Espumante\"}]},{\"@type\":\"WebSite\",\"@id\":\"https:\/\/joaoclara.com\/pt\/#website\",\"url\":\"https:\/\/joaoclara.com\/pt\/\",\"name\":\"Quinta Jo\u00e3o Clara\",\"description\":\"Vinhos do Algarve\",\"publisher\":{\"@id\":\"https:\/\/joaoclara.com\/pt\/#organization\"},\"potentialAction\":[{\"@type\":\"SearchAction\",\"target\":{\"@type\":\"EntryPoint\",\"urlTemplate\":\"https:\/\/joaoclara.com\/pt\/?s={search_term_string}\"},\"query-input\":{\"@type\":\"PropertyValueSpecification\",\"valueRequired\":true,\"valueName\":\"search_term_string\"}}],\"inLanguage\":\"pt-PT\"},{\"@type\":\"Organization\",\"@id\":\"https:\/\/joaoclara.com\/pt\/#organization\",\"name\":\"Quinta Jo\u00e3o Clara\",\"url\":\"https:\/\/joaoclara.com\/pt\/\",\"logo\":{\"@type\":\"ImageObject\",\"inLanguage\":\"pt-PT\",\"@id\":\"https:\/\/joaoclara.com\/pt\/#\/schema\/logo\/image\/\",\"url\":\"http:\/\/joaoclara.com\/wp-content\/uploads\/2020\/05\/Logo_Novo.png\",\"contentUrl\":\"http:\/\/joaoclara.com\/wp-content\/uploads\/2020\/05\/Logo_Novo.png\",\"width\":152,\"height\":43,\"caption\":\"Quinta Jo\u00e3o Clara\"},\"image\":{\"@id\":\"https:\/\/joaoclara.com\/pt\/#\/schema\/logo\/image\/\"},\"sameAs\":[\"https:\/\/www.facebook.com\/joaoclaravinhos\/?ref=search&amp;amp;amp;amp;amp;amp;amp;amp;__tn__=,d,P-R&amp;amp;amp;amp;amp;amp;amp;amp;eid=ARDQHy8YSatS_tKCrirKUjWXZYdBHiSj3Zp5laalZlAKPxrriz0PW3xN1BIP3MeqeGjCQ2oIB001M3p9\",\"https:\/\/www.instagram.com\/joaoclaravinhos\/\"]}]}<\/script>\n<!-- \/ Yoast SEO plugin. -->","yoast_head_json":{"title":"Jo\u00e3o Clara Espumante - Jo\u00e3o Clara","description":"Espumante Blanc Noir que estagiou 3 anos em garrafa, produzido pelo m\u00e9todo tradicional champanh\u00eas, \u00e9 uma fus\u00e3o entre a Terra e o Mar, a Tradi\u00e7\u00e3o e o Presente. 100% Negra Mole","robots":{"index":"index","follow":"follow","max-snippet":"max-snippet:-1","max-image-preview":"max-image-preview:large","max-video-preview":"max-video-preview:-1"},"canonical":"http:\/\/joaoclara.com\/pt\/produto\/joao-clara-espumante\/","og_locale":"pt_PT","og_type":"article","og_title":"Jo\u00e3o Clara Espumante - Jo\u00e3o Clara","og_description":"Espumante Blanc Noir que estagiou 3 anos em garrafa, produzido pelo m\u00e9todo tradicional champanh\u00eas, \u00e9 uma fus\u00e3o entre a Terra e o Mar, a Tradi\u00e7\u00e3o e o Presente. 100% Negra Mole","og_url":"http:\/\/joaoclara.com\/pt\/produto\/joao-clara-espumante\/","og_site_name":"Jo\u00e3o Clara","article_publisher":"https:\/\/www.facebook.com\/joaoclaravinhos\/?ref=search&amp%3bamp%3bamp%3bamp%3bamp%3bamp%3bamp%3bamp%3b__tn__=%2cd%2cP-R&amp%3bamp%3bamp%3bamp%3bamp%3bamp%3bamp%3bamp%3beid=ARDQHy8YSatS_tKCrirKUjWXZYdBHiSj3Zp5laalZlAKPxrriz0PW3xN1BIP3MeqeGjCQ2oIB001M3p9","article_modified_time":"2025-09-30T18:48:08+00:00","og_image":[{"width":1386,"height":2560,"url":"http:\/\/joaoclara.com\/wp-content\/uploads\/2025\/08\/JC_Champagne-scaled.png","type":"image\/png"}],"twitter_card":"summary_large_image","twitter_misc":{"Tempo estimado de leitura":"2 minutos"},"schema":{"@context":"https:\/\/schema.org","@graph":[{"@type":"WebPage","@id":"http:\/\/joaoclara.com\/product\/joao-clara-espumante\/","url":"http:\/\/joaoclara.com\/product\/joao-clara-espumante\/","name":"Jo\u00e3o Clara Espumante - Jo\u00e3o Clara","isPartOf":{"@id":"https:\/\/joaoclara.com\/pt\/#website"},"primaryImageOfPage":{"@id":"http:\/\/joaoclara.com\/product\/joao-clara-espumante\/#primaryimage"},"image":{"@id":"http:\/\/joaoclara.com\/product\/joao-clara-espumante\/#primaryimage"},"thumbnailUrl":"https:\/\/joaoclara.com\/wp-content\/uploads\/2025\/08\/JC_Champagne-scaled.png","datePublished":"2025-08-08T13:55:50+00:00","dateModified":"2025-09-30T18:48:08+00:00","description":"Espumante Blanc Noir que estagiou 3 anos em garrafa, produzido pelo m\u00e9todo tradicional champanh\u00eas, \u00e9 uma fus\u00e3o entre a Terra e o Mar, a Tradi\u00e7\u00e3o e o Presente. 100% Negra Mole","breadcrumb":{"@id":"http:\/\/joaoclara.com\/product\/joao-clara-espumante\/#breadcrumb"},"inLanguage":"pt-PT","potentialAction":[{"@type":"ReadAction","target":["http:\/\/joaoclara.com\/product\/joao-clara-espumante\/"]}]},{"@type":"ImageObject","inLanguage":"pt-PT","@id":"http:\/\/joaoclara.com\/product\/joao-clara-espumante\/#primaryimage","url":"https:\/\/joaoclara.com\/wp-content\/uploads\/2025\/08\/JC_Champagne-scaled.png","contentUrl":"https:\/\/joaoclara.com\/wp-content\/uploads\/2025\/08\/JC_Champagne-scaled.png","width":1386,"height":2560},{"@type":"BreadcrumbList","@id":"http:\/\/joaoclara.com\/product\/joao-clara-espumante\/#breadcrumb","itemListElement":[{"@type":"ListItem","position":1,"name":"Home","item":"https:\/\/joaoclara.com\/pt\/"},{"@type":"ListItem","position":2,"name":"Wines","item":"https:\/\/joaoclara.com\/pt\/wines\/"},{"@type":"ListItem","position":3,"name":"Jo\u00e3o Clara Espumante"}]},{"@type":"WebSite","@id":"https:\/\/joaoclara.com\/pt\/#website","url":"https:\/\/joaoclara.com\/pt\/","name":"Quinta Jo\u00e3o Clara","description":"Vinhos do Algarve","publisher":{"@id":"https:\/\/joaoclara.com\/pt\/#organization"},"potentialAction":[{"@type":"SearchAction","target":{"@type":"EntryPoint","urlTemplate":"https:\/\/joaoclara.com\/pt\/?s={search_term_string}"},"query-input":{"@type":"PropertyValueSpecification","valueRequired":true,"valueName":"search_term_string"}}],"inLanguage":"pt-PT"},{"@type":"Organization","@id":"https:\/\/joaoclara.com\/pt\/#organization","name":"Quinta Jo\u00e3o Clara","url":"https:\/\/joaoclara.com\/pt\/","logo":{"@type":"ImageObject","inLanguage":"pt-PT","@id":"https:\/\/joaoclara.com\/pt\/#\/schema\/logo\/image\/","url":"http:\/\/joaoclara.com\/wp-content\/uploads\/2020\/05\/Logo_Novo.png","contentUrl":"http:\/\/joaoclara.com\/wp-content\/uploads\/2020\/05\/Logo_Novo.png","width":152,"height":43,"caption":"Quinta Jo\u00e3o Clara"},"image":{"@id":"https:\/\/joaoclara.com\/pt\/#\/schema\/logo\/image\/"},"sameAs":["https:\/\/www.facebook.com\/joaoclaravinhos\/?ref=search&amp;amp;amp;amp;amp;amp;amp;amp;__tn__=,d,P-R&amp;amp;amp;amp;amp;amp;amp;amp;eid=ARDQHy8YSatS_tKCrirKUjWXZYdBHiSj3Zp5laalZlAKPxrriz0PW3xN1BIP3MeqeGjCQ2oIB001M3p9","https:\/\/www.instagram.com\/joaoclaravinhos\/"]}]}},"_links":{"self":[{"href":"https:\/\/joaoclara.com\/pt\/wp-json\/wp\/v2\/product\/1722","targetHints":{"allow":["GET"]}}],"collection":[{"href":"https:\/\/joaoclara.com\/pt\/wp-json\/wp\/v2\/product"}],"about":[{"href":"https:\/\/joaoclara.com\/pt\/wp-json\/wp\/v2\/types\/product"}],"replies":[{"embeddable":true,"href":"https:\/\/joaoclara.com\/pt\/wp-json\/wp\/v2\/comments?post=1722"}],"wp:featuredmedia":[{"embeddable":true,"href":"https:\/\/joaoclara.com\/pt\/wp-json\/wp\/v2\/media\/1725"}],"wp:attachment":[{"href":"https:\/\/joaoclara.com\/pt\/wp-json\/wp\/v2\/media?parent=1722"}],"wp:term":[{"taxonomy":"product_brand","embeddable":true,"href":"https:\/\/joaoclara.com\/pt\/wp-json\/wp\/v2\/product_brand?post=1722"},{"taxonomy":"product_cat","embeddable":true,"href":"https:\/\/joaoclara.com\/pt\/wp-json\/wp\/v2\/product_cat?post=1722"},{"taxonomy":"product_tag","embeddable":true,"href":"https:\/\/joaoclara.com\/pt\/wp-json\/wp\/v2\/product_tag?post=1722"}],"curies":[{"name":"wp","href":"https:\/\/api.w.org\/{rel}","templated":true}]}}